{"id":1136,"date":"2020-03-31T16:53:50","date_gmt":"2020-03-31T20:53:50","guid":{"rendered":"https:\/\/pianorenesauriol.ca\/?page_id=1136"},"modified":"2020-03-31T17:19:55","modified_gmt":"2020-03-31T21:19:55","slug":"about-us","status":"publish","type":"page","link":"https:\/\/pianorenesauriol.ca\/en\/about-us\/","title":{"rendered":"ABOUT US"},"content":{"rendered":"<h3>Passion at your fingertips.<\/h3>\n<p>A lifelong piano enthusiast, Ren\u00e9 Sauriol has been playing this magnificent instrument with his fingers since the age of 5. As a graduate in the field, he has superior knowledge of the piano, being himself a pianist and an accompanist. Finalist at the <a href=\"https:\/\/ficg.qc.ca\/\" target=\"_blank\" rel=\"noopener noreferrer\"><strong>Festival international de la chanson de Granby<\/strong><\/a> n 1979, Ren\u00e9 Sauriol is also a music writer. Jazz, pop, rock, new age&#8230; this musician plays a wide range of music. But above all, Ren\u00e9 Sauriol composes pieces for his own pleasure.<\/p>\n<p>Tuning a piano requires dexterity, but also a lot of knowledge. Writing music makes it easier for him to understand the mechanism and functioning of the instrument. For Mr. Sauriol, a good tuner must first and foremost be a musician. His background allows him to validate that each key meets the sound. The mechanism of a piano lies between the musicians&#8217; brain and fingertips. A bad connection on the instrument does not convey the pianist&#8217;s intention. Also, being a musician allows a better understanding of the acoustic behavior of a piano.<\/p>\n<p>Having perfected his art up to starting his own business in 1982, Ren\u00e9 Sauriol now offers his services to all those who wish to learn more about this fabulous stringed instrument that is the piano. The instrument owes its origin to the harpsichord and the spinet, among others. Did you know that?<\/p>\n<h2>The tuner&#8217;s fingertips go everywhere.<\/h2>\n<p>Mr. Sauriol is bilingual (French and English). He travels throughout the Montreal region and its suburbs as well as the Valleyfield area. This tuner visits private homes as well as music schools, educational institutions, concert halls and recording studios, among others. Ren\u00e9 Sauriol was a member of the Fraternit\u00e9 des accordeurs et techniciens de piano du Qu\u00e9bec (FATPQ) from 1985 until its dissolution in 2014.<\/p>\n","protected":false},"excerpt":{"rendered":"<p>Passion at your fingertips. A lifelong piano enthusiast, Ren\u00e9 Sauriol has been playing this magnificent instrument with his fingers since the age of 5. As a graduate in the field, he has superior knowledge of the piano, being himself a pianist and an accompanist. Finalist at the Festival international de la chanson de Granby n [&hellip;]<\/p>\n","protected":false},"author":1,"featured_media":696,"parent":0,"menu_order":0,"comment_status":"closed","ping_status":"closed","template":"","meta":{"_genesis_hide_title":false,"_genesis_hide_breadcrumbs":false,"_genesis_hide_singular_image":false,"_genesis_hide_footer_widgets":false,"_genesis_custom_body_class":"","_genesis_custom_post_class":"","_genesis_layout":"full-width-content","footnotes":""},"class_list":{"0":"post-1136","1":"page","2":"type-page","3":"status-publish","4":"has-post-thumbnail","6":"entry"},"yoast_head":"<!-- This site is optimized with the Yoast SEO plugin v25.6 - https:\/\/yoast.com\/wordpress\/plugins\/seo\/ -->\n<title>ABOUT US | Piano Ren\u00e9 Sauriol<\/title>\n<meta name=\"robots\" content=\"index, follow, max-snippet:-1, max-image-preview:large, max-video-preview:-1\" \/>\n<link rel=\"canonical\" href=\"https:\/\/www.pianorenesauriol.ca\/en\/about-us\/\" \/>\n<meta property=\"og:locale\" content=\"en_US\" \/>\n<meta property=\"og:type\" content=\"article\" \/>\n<meta property=\"og:title\" content=\"ABOUT US | Piano Ren\u00e9 Sauriol\" \/>\n<meta property=\"og:description\" content=\"Passion at your fingertips. A lifelong piano enthusiast, Ren\u00e9 Sauriol has been playing this magnificent instrument with his fingers since the age of 5. As a graduate in the field, he has superior knowledge of the piano, being himself a pianist and an accompanist. Finalist at the Festival international de la chanson de Granby n [&hellip;]\" \/>\n<meta property=\"og:url\" content=\"https:\/\/www.pianorenesauriol.ca\/en\/about-us\/\" \/>\n<meta property=\"og:site_name\" content=\"Piano Ren\u00e9 Sauriol\" \/>\n<meta property=\"article:modified_time\" content=\"2020-03-31T21:19:55+00:00\" \/>\n<meta property=\"og:image\" content=\"https:\/\/www.pianorenesauriol.ca\/wp-content\/uploads\/2014\/09\/placeholder-2.jpg\" \/>\n\t<meta property=\"og:image:width\" content=\"640\" \/>\n\t<meta property=\"og:image:height\" content=\"480\" \/>\n\t<meta property=\"og:image:type\" content=\"image\/jpeg\" \/>\n<meta name=\"twitter:label1\" content=\"Est. reading time\" \/>\n\t<meta name=\"twitter:data1\" content=\"1 minute\" \/>\n<script type=\"application\/ld+json\" class=\"yoast-schema-graph\">{\"@context\":\"https:\/\/schema.org\",\"@graph\":[{\"@type\":\"WebPage\",\"@id\":\"https:\/\/www.pianorenesauriol.ca\/en\/about-us\/\",\"url\":\"https:\/\/www.pianorenesauriol.ca\/en\/about-us\/\",\"name\":\"ABOUT US | Piano Ren\u00e9 Sauriol\",\"isPartOf\":{\"@id\":\"https:\/\/www.pianorenesauriol.ca\/#website\"},\"primaryImageOfPage\":{\"@id\":\"https:\/\/www.pianorenesauriol.ca\/en\/about-us\/#primaryimage\"},\"image\":{\"@id\":\"https:\/\/www.pianorenesauriol.ca\/en\/about-us\/#primaryimage\"},\"thumbnailUrl\":\"https:\/\/pianorenesauriol.ca\/wp-content\/uploads\/2014\/09\/placeholder-2.jpg\",\"datePublished\":\"2020-03-31T20:53:50+00:00\",\"dateModified\":\"2020-03-31T21:19:55+00:00\",\"breadcrumb\":{\"@id\":\"https:\/\/www.pianorenesauriol.ca\/en\/about-us\/#breadcrumb\"},\"inLanguage\":\"en-US\",\"potentialAction\":[{\"@type\":\"ReadAction\",\"target\":[\"https:\/\/www.pianorenesauriol.ca\/en\/about-us\/\"]}]},{\"@type\":\"ImageObject\",\"inLanguage\":\"en-US\",\"@id\":\"https:\/\/www.pianorenesauriol.ca\/en\/about-us\/#primaryimage\",\"url\":\"https:\/\/pianorenesauriol.ca\/wp-content\/uploads\/2014\/09\/placeholder-2.jpg\",\"contentUrl\":\"https:\/\/pianorenesauriol.ca\/wp-content\/uploads\/2014\/09\/placeholder-2.jpg\",\"width\":640,\"height\":480},{\"@type\":\"BreadcrumbList\",\"@id\":\"https:\/\/www.pianorenesauriol.ca\/en\/about-us\/#breadcrumb\",\"itemListElement\":[{\"@type\":\"ListItem\",\"position\":1,\"name\":\"Home\",\"item\":\"https:\/\/www.pianorenesauriol.ca\/\"},{\"@type\":\"ListItem\",\"position\":2,\"name\":\"ABOUT US\"}]},{\"@type\":\"WebSite\",\"@id\":\"https:\/\/www.pianorenesauriol.ca\/#website\",\"url\":\"https:\/\/www.pianorenesauriol.ca\/\",\"name\":\"Piano Ren\u00e9 Sauriol\",\"description\":\"\",\"publisher\":{\"@id\":\"https:\/\/www.pianorenesauriol.ca\/#organization\"},\"potentialAction\":[{\"@type\":\"SearchAction\",\"target\":{\"@type\":\"EntryPoint\",\"urlTemplate\":\"https:\/\/www.pianorenesauriol.ca\/?s={search_term_string}\"},\"query-input\":{\"@type\":\"PropertyValueSpecification\",\"valueRequired\":true,\"valueName\":\"search_term_string\"}}],\"inLanguage\":\"en-US\"},{\"@type\":\"Organization\",\"@id\":\"https:\/\/www.pianorenesauriol.ca\/#organization\",\"name\":\"Piano Ren\u00e9 Sauriol\",\"url\":\"https:\/\/www.pianorenesauriol.ca\/\",\"logo\":{\"@type\":\"ImageObject\",\"inLanguage\":\"en-US\",\"@id\":\"https:\/\/www.pianorenesauriol.ca\/#\/schema\/logo\/image\/\",\"url\":\"https:\/\/pianorenesauriol.ca\/wp-content\/uploads\/2020\/03\/header-1.png\",\"contentUrl\":\"https:\/\/pianorenesauriol.ca\/wp-content\/uploads\/2020\/03\/header-1.png\",\"width\":260,\"height\":100,\"caption\":\"Piano Ren\u00e9 Sauriol\"},\"image\":{\"@id\":\"https:\/\/www.pianorenesauriol.ca\/#\/schema\/logo\/image\/\"}}]}<\/script>\n<!-- \/ Yoast SEO plugin. -->","yoast_head_json":{"title":"ABOUT US | Piano Ren\u00e9 Sauriol","robots":{"index":"index","follow":"follow","max-snippet":"max-snippet:-1","max-image-preview":"max-image-preview:large","max-video-preview":"max-video-preview:-1"},"canonical":"https:\/\/www.pianorenesauriol.ca\/en\/about-us\/","og_locale":"en_US","og_type":"article","og_title":"ABOUT US | Piano Ren\u00e9 Sauriol","og_description":"Passion at your fingertips. A lifelong piano enthusiast, Ren\u00e9 Sauriol has been playing this magnificent instrument with his fingers since the age of 5. As a graduate in the field, he has superior knowledge of the piano, being himself a pianist and an accompanist. Finalist at the Festival international de la chanson de Granby n [&hellip;]","og_url":"https:\/\/www.pianorenesauriol.ca\/en\/about-us\/","og_site_name":"Piano Ren\u00e9 Sauriol","article_modified_time":"2020-03-31T21:19:55+00:00","og_image":[{"width":640,"height":480,"url":"https:\/\/www.pianorenesauriol.ca\/wp-content\/uploads\/2014\/09\/placeholder-2.jpg","type":"image\/jpeg"}],"twitter_misc":{"Est. reading time":"1 minute"},"schema":{"@context":"https:\/\/schema.org","@graph":[{"@type":"WebPage","@id":"https:\/\/www.pianorenesauriol.ca\/en\/about-us\/","url":"https:\/\/www.pianorenesauriol.ca\/en\/about-us\/","name":"ABOUT US | Piano Ren\u00e9 Sauriol","isPartOf":{"@id":"https:\/\/www.pianorenesauriol.ca\/#website"},"primaryImageOfPage":{"@id":"https:\/\/www.pianorenesauriol.ca\/en\/about-us\/#primaryimage"},"image":{"@id":"https:\/\/www.pianorenesauriol.ca\/en\/about-us\/#primaryimage"},"thumbnailUrl":"https:\/\/pianorenesauriol.ca\/wp-content\/uploads\/2014\/09\/placeholder-2.jpg","datePublished":"2020-03-31T20:53:50+00:00","dateModified":"2020-03-31T21:19:55+00:00","breadcrumb":{"@id":"https:\/\/www.pianorenesauriol.ca\/en\/about-us\/#breadcrumb"},"inLanguage":"en-US","potentialAction":[{"@type":"ReadAction","target":["https:\/\/www.pianorenesauriol.ca\/en\/about-us\/"]}]},{"@type":"ImageObject","inLanguage":"en-US","@id":"https:\/\/www.pianorenesauriol.ca\/en\/about-us\/#primaryimage","url":"https:\/\/pianorenesauriol.ca\/wp-content\/uploads\/2014\/09\/placeholder-2.jpg","contentUrl":"https:\/\/pianorenesauriol.ca\/wp-content\/uploads\/2014\/09\/placeholder-2.jpg","width":640,"height":480},{"@type":"BreadcrumbList","@id":"https:\/\/www.pianorenesauriol.ca\/en\/about-us\/#breadcrumb","itemListElement":[{"@type":"ListItem","position":1,"name":"Home","item":"https:\/\/www.pianorenesauriol.ca\/"},{"@type":"ListItem","position":2,"name":"ABOUT US"}]},{"@type":"WebSite","@id":"https:\/\/www.pianorenesauriol.ca\/#website","url":"https:\/\/www.pianorenesauriol.ca\/","name":"Piano Ren\u00e9 Sauriol","description":"","publisher":{"@id":"https:\/\/www.pianorenesauriol.ca\/#organization"},"potentialAction":[{"@type":"SearchAction","target":{"@type":"EntryPoint","urlTemplate":"https:\/\/www.pianorenesauriol.ca\/?s={search_term_string}"},"query-input":{"@type":"PropertyValueSpecification","valueRequired":true,"valueName":"search_term_string"}}],"inLanguage":"en-US"},{"@type":"Organization","@id":"https:\/\/www.pianorenesauriol.ca\/#organization","name":"Piano Ren\u00e9 Sauriol","url":"https:\/\/www.pianorenesauriol.ca\/","logo":{"@type":"ImageObject","inLanguage":"en-US","@id":"https:\/\/www.pianorenesauriol.ca\/#\/schema\/logo\/image\/","url":"https:\/\/pianorenesauriol.ca\/wp-content\/uploads\/2020\/03\/header-1.png","contentUrl":"https:\/\/pianorenesauriol.ca\/wp-content\/uploads\/2020\/03\/header-1.png","width":260,"height":100,"caption":"Piano Ren\u00e9 Sauriol"},"image":{"@id":"https:\/\/www.pianorenesauriol.ca\/#\/schema\/logo\/image\/"}}]}},"_links":{"self":[{"href":"https:\/\/pianorenesauriol.ca\/en\/wp-json\/wp\/v2\/pages\/1136"}],"collection":[{"href":"https:\/\/pianorenesauriol.ca\/en\/wp-json\/wp\/v2\/pages"}],"about":[{"href":"https:\/\/pianorenesauriol.ca\/en\/wp-json\/wp\/v2\/types\/page"}],"author":[{"embeddable":true,"href":"https:\/\/pianorenesauriol.ca\/en\/wp-json\/wp\/v2\/users\/1"}],"replies":[{"embeddable":true,"href":"https:\/\/pianorenesauriol.ca\/en\/wp-json\/wp\/v2\/comments?post=1136"}],"version-history":[{"count":3,"href":"https:\/\/pianorenesauriol.ca\/en\/wp-json\/wp\/v2\/pages\/1136\/revisions"}],"predecessor-version":[{"id":1164,"href":"https:\/\/pianorenesauriol.ca\/en\/wp-json\/wp\/v2\/pages\/1136\/revisions\/1164"}],"wp:featuredmedia":[{"embeddable":true,"href":"https:\/\/pianorenesauriol.ca\/en\/wp-json\/wp\/v2\/media\/696"}],"wp:attachment":[{"href":"https:\/\/pianorenesauriol.ca\/en\/wp-json\/wp\/v2\/media?parent=1136"}],"curies":[{"name":"wp","href":"https:\/\/api.w.org\/{rel}","templated":true}]}}